{"id":4992,"date":"2025-04-23T09:15:59","date_gmt":"2025-04-23T09:15:59","guid":{"rendered":"https:\/\/atelierdocruz.com\/?page_id=4992"},"modified":"2025-05-10T18:56:38","modified_gmt":"2025-05-10T18:56:38","slug":"centro-de-memoria","status":"publish","type":"page","link":"https:\/\/atelierdocruz.com\/en\/centro-de-memoria\/","title":{"rendered":"centro de mem\u00f3ria"},"content":{"rendered":"<div id=\"container_projeto\">\n\n    <div id=\"cover_projeto\">\n    <img decoding=\"async\" src=\"https:\/\/atelierdocruz.com\/wp-content\/uploads\/2025\/04\/01.jpg\" oncontextmenu=\"return false\" draggable=\"false\" style=\"pointer-events: none;\">\n    <\/div>\n\n    <div id=\"cover_projeto_mobile\">\n    <img decoding=\"async\" src=\"https:\/\/atelierdocruz.com\/wp-content\/uploads\/2025\/04\/01.jpg\" oncontextmenu=\"return false\" draggable=\"false\" style=\"pointer-events: none;\">\n    <\/div>\n\n    <div id=\"descricao_projeto\">\n\n        <p id=\"descricao_titulo\">Centro de Mem\u00f3ria<\/p>\n\n        <div id=\"descricao_texto\">\n\n            <p>The present visual identity project for the Centro de Mem\u00f3ria in Vila do Conde aimed to reformulate its identity and communication language. This decision was based on the need to unify and harmonize the various spaces of the location, allowing for clear and consistent communication.<\/p>\n\n            <p>The identity employs geometric shapes inspired by the architecture of the building, creating a functional and contemporary modular system.<\/p>\n\n            <p>The objective is to reinforce the cultural presence of the center and establish a visual identity that celebrates its complexity and diversity, consolidating it as a vital and inclusive cultural hub. The main challenge was to develop a communicative and impactful identity that does not overshadow the works of artists and exhibitions, contributing to the preservation of history and culture while promoting contemporary art in an inspiring way for the community of Vila do Conde.<\/p>\n\n        <\/div>\n\n        <div id=\"descricao_info\">\n\n            <div style=\"width: 50%;\">\n\n            <div>\n                <p class=\"descricao_info_titulo\">Date<\/p>\n                <p class=\"descricao_info_texto\">2024<\/p>\n            <\/div>\n\n            <div style=\"margin-top: 60px;\">\n                <p class=\"descricao_info_titulo\">Type<\/p>\n                <p class=\"descricao_info_texto\">Identity, Signage, Social Media<\/p>\n            <\/div>\n\n            <\/div>\n\n            <div style=\"width: 50%;\">\n\n                <p class=\"descricao_info_titulo\">Space<\/p>\n                <p class=\"descricao_info_texto\">Centro de Mem\u00f3ria<\/p>\n          \n            <\/div>\n\n        <\/div>\n\n    <\/div>\n\n    <div id=\"descricao_projeto_medium\">\n\n    <div id=\"descricao_espaco\" style=\"width: 50%;\">\n    <\/div>\n\n    <div id=\"descricao_projeto_small\" style=\"width: 50%;\">\n\n        <p id=\"descricao_titulo\">Centro de Mem\u00f3ria<\/p>\n\n        <div id=\"descricao_texto\">\n\n            <p>The present visual identity project for the Centro de Mem\u00f3ria in Vila do Conde aimed to reformulate its identity and communication language. This decision was based on the need to unify and harmonize the various spaces of the location, allowing for clear and consistent communication.<\/p>\n\n            <p>The identity employs geometric shapes inspired by the architecture of the building, creating a functional and contemporary modular system.<\/p>\n\n            <p>The objective is to reinforce the cultural presence of the center and establish a visual identity that celebrates its complexity and diversity, consolidating it as a vital and inclusive cultural hub. The main challenge was to develop a communicative and impactful identity that does not overshadow the works of artists and exhibitions, contributing to the preservation of history and culture while promoting contemporary art in an inspiring way for the community of Vila do Conde.<\/p>\n\n        <\/div>\n\n        <div id=\"descricao_info\">\n\n            <div style=\"width: 50%;\">\n\n            <div>\n                <p class=\"descricao_info_titulo\">Date<\/p>\n                <p class=\"descricao_info_texto\">2024<\/p>\n            <\/div>\n\n            <div id=\"descricao_mobile\" style=\"margin-top: 60px; padding-top: 0px; display: none;\">\n                <p class=\"descricao_info_titulo\">Space<\/p>\n                <p class=\"descricao_info_texto\">Centro de Mem\u00f3ria<\/p>\n            <\/div>\n\n            <div style=\"margin-top: 60px;\">\n                <p class=\"descricao_info_titulo\">Type<\/p>\n                <p class=\"descricao_info_texto\">Identity, Signage, Social Media<\/p>\n            <\/div>\n\n            <\/div>\n\n            <div id=\"descricao_mobile_none\" style=\"width: 50%;\">\n\n                <p class=\"descricao_info_titulo\">Space<\/p>\n                <p class=\"descricao_info_texto\">Centro de Mem\u00f3ria<\/p>\n          \n            <\/div>\n\n        <\/div>\n\n    <\/div>\n\n    <\/div>\n\n<\/div>\n\n<div id=\"media_projeto_extended\">\n\n    <div style=\"flex: 1 1 calc((100% - 24px) \/ 3); max-width: calc((100% - 24px) \/ 3);\">\n\n        <img decoding=\"async\" src=\"https:\/\/atelierdocruz.com\/wp-content\/uploads\/2025\/04\/cm_logo.jpg\" oncontextmenu=\"return false\" draggable=\"false\" style=\"pointer-events: none;\">\n\n    <\/div>\n\n    <div style=\"flex: 1 1 calc((100% - 24px) \/ 3); max-width: calc((100% - 24px) \/ 3);\">\n\n        <img decoding=\"async\" src=\"https:\/\/atelierdocruz.com\/wp-content\/uploads\/2025\/04\/centro_logo_subdivisao.jpg\" oncontextmenu=\"return false\" draggable=\"false\" style=\"pointer-events: none;\">\n\n    <\/div>\n\n    <div style=\"flex: 1 1 calc((100% - 24px) \/ 3); max-width: calc((100% - 24px) \/ 3);\">\n\n        <img decoding=\"async\" src=\"https:\/\/atelierdocruz.com\/wp-content\/uploads\/2025\/04\/cm_logo_conceito.jpg\" oncontextmenu=\"return false\" draggable=\"false\" style=\"pointer-events: none;\">\n\n    <\/div>\n\n    <div style=\"flex: 1 1 calc((100% - 24px) \/ 3); max-width: calc((100% - 24px) \/ 3);\">\n\n        <img decoding=\"async\" src=\"https:\/\/atelierdocruz.com\/wp-content\/uploads\/2025\/04\/cm_estacionario_cartao.jpg\" oncontextmenu=\"return false\" draggable=\"false\" style=\"pointer-events: none;\">\n\n    <\/div>\n\n    <div style=\"flex: 1 1 calc((100% - 24px) \/ 3); max-width: calc((100% - 24px) \/ 3);\">\n\n        <img decoding=\"async\" src=\"https:\/\/atelierdocruz.com\/wp-content\/uploads\/2025\/04\/cm_estacionario_envelope.jpg\" oncontextmenu=\"return false\" draggable=\"false\" style=\"pointer-events: none;\">\n\n    <\/div>\n\n    <div style=\"flex: 1 1 calc((100% - 24px) \/ 3); max-width: calc((100% - 24px) \/ 3);\">\n\n        <img decoding=\"async\" src=\"https:\/\/atelierdocruz.com\/wp-content\/uploads\/2025\/04\/cm_estacionario_carta.jpg\" oncontextmenu=\"return false\" draggable=\"false\" style=\"pointer-events: none;\">\n\n    <\/div>\n\n    <div style=\"flex: 1 1 calc((100% - 12px) \/ 2); max-width: calc((100% - 12px) \/ 2);\">\n\n        <img decoding=\"async\" src=\"https:\/\/atelierdocruz.com\/wp-content\/uploads\/2025\/04\/cm_id.jpg\" oncontextmenu=\"return false\" draggable=\"false\" style=\"pointer-events: none;\">\n\n    <\/div>\n\n    <div style=\"flex: 1 1 calc((100% - 12px) \/ 2); max-width: calc((100% - 12px) \/ 2);\">\n\n        <img decoding=\"async\" src=\"https:\/\/atelierdocruz.com\/wp-content\/uploads\/2025\/04\/06.jpg\" oncontextmenu=\"return false\" draggable=\"false\" style=\"pointer-events: none;\">\n\n    <\/div>\n\n    <div style=\"width: calc(((100% - 24px) \/ 3) * 2 + 12px);\">\n\n        <video loading=\"lazy\" autoplay loop muted style=\"pointer-events: none;\" width=\"100%\" height=\"auto\">\n\n        <source src=\"https:\/\/atelierdocruz.com\/wp-content\/uploads\/2025\/04\/cm_cartazes_video_web_1920.mp4\" media=\"(min-width: 1500px)\" type=\"video\/mp4\">\n    \n        <source src=\"https:\/\/atelierdocruz.com\/wp-content\/uploads\/2025\/04\/cm_cartazes_video_web_960.mp4\" media=\"(max-width: 1499px)\" type=\"video\/mp4\">\n    \n        Your browser doesn't support the video format.\n        <\/video>\n\n    <\/div>\n\n    <div style=\"width: calc((100% - 24px) \/ 3);\">\n\n        <img decoding=\"async\" src=\"https:\/\/atelierdocruz.com\/wp-content\/uploads\/2025\/04\/cm_estacionario_panfleto.jpg\" oncontextmenu=\"return false\" draggable=\"false\" style=\"pointer-events: none;\">    \n\n    <\/div>\n\n    <div style=\"flex: 1 1 calc((100% - 12px) \/ 2); max-width: calc((100% - 12px) \/ 2);\">\n\n        <img decoding=\"async\" src=\"https:\/\/atelierdocruz.com\/wp-content\/uploads\/2025\/04\/04.jpg\" oncontextmenu=\"return false\" draggable=\"false\" style=\"pointer-events: none;\">\n\n    <\/div>\n\n    <div style=\"flex: 1 1 calc((100% - 12px) \/ 2); max-width: calc((100% - 12px) \/ 2);\">\n\n        <img decoding=\"async\" src=\"https:\/\/atelierdocruz.com\/wp-content\/uploads\/2025\/04\/07.jpg\" oncontextmenu=\"return false\" draggable=\"false\" style=\"pointer-events: none;\">\n\n    <\/div>\n\n    <div style=\"flex: 1 1 calc((100% - 12px) \/ 2); max-width: calc((100% - 12px) \/ 2);\">\n\n        <img decoding=\"async\" src=\"https:\/\/atelierdocruz.com\/wp-content\/uploads\/2025\/04\/cm_instagram_mockups_web_01.jpg\" oncontextmenu=\"return false\" draggable=\"false\" style=\"pointer-events: none;\">\n\n    <\/div>\n\n    <div style=\"flex: 1 1 calc((100% - 12px) \/ 2); max-width: calc((100% - 12px) \/ 2);\">\n\n        <img decoding=\"async\" src=\"https:\/\/atelierdocruz.com\/wp-content\/uploads\/2025\/04\/cm_instagram_mockups_web_02.jpg\" oncontextmenu=\"return false\" draggable=\"false\" style=\"pointer-events: none;\">\n\n    <\/div>\n\n    <div style=\"flex: 1 1 calc((100% - 24px) \/ 3); max-width: calc((100% - 24px) \/ 3);\">\n\n        <video loading=\"lazy\" autoplay loop muted style=\"pointer-events: none;\" width=\"100%\" height=\"auto\">\n\n        <source src=\"https:\/\/atelierdocruz.com\/wp-content\/uploads\/2025\/04\/cm_numerario_web_1920.mp4\" media=\"(min-width: 1920px)\" type=\"video\/mp4\">\n    \n        <source src=\"https:\/\/atelierdocruz.com\/wp-content\/uploads\/2025\/04\/cm_numerario_web_960.mp4\" media=\"(max-width: 1919px)\" type=\"video\/mp4\">\n    \n        Your browser doesn't support the video format.\n        <\/video>\n\n    <\/div>\n\n    <div style=\"flex: 1 1 calc((100% - 24px) \/ 3); max-width: calc((100% - 24px) \/ 3);\">\n\n        <img decoding=\"async\" src=\"https:\/\/atelierdocruz.com\/wp-content\/uploads\/2025\/04\/cm_totebag.jpg\" oncontextmenu=\"return false\" draggable=\"false\" style=\"pointer-events: none;\">\n\n    <\/div>\n\n    <div style=\"flex: 1 1 calc((100% - 24px) \/ 3); max-width: calc((100% - 24px) \/ 3);\">\n\n        <img decoding=\"async\" src=\"https:\/\/atelierdocruz.com\/wp-content\/uploads\/2025\/04\/cm_pictogramas.jpg\" oncontextmenu=\"return false\" draggable=\"false\" style=\"pointer-events: none;\">\n\n    <\/div>\n\n    <div style=\"flex: 1 1 calc((100% - 12px) \/ 2); max-width: calc((100% - 12px) \/ 2);\">\n\n        <img decoding=\"async\" src=\"https:\/\/atelierdocruz.com\/wp-content\/uploads\/2025\/04\/cm_sinaletica_mockup_01.jpg\" oncontextmenu=\"return false\" draggable=\"false\" style=\"pointer-events: none;\">\n\n    <\/div>\n\n    <div style=\"flex: 1 1 calc((100% - 12px) \/ 2); max-width: calc((100% - 12px) \/ 2);\">\n\n        <img decoding=\"async\" src=\"https:\/\/atelierdocruz.com\/wp-content\/uploads\/2025\/04\/02.jpg\" oncontextmenu=\"return false\" draggable=\"false\" style=\"pointer-events: none;\">\n\n    <\/div>\n\n    <div style=\"flex: 1 1 calc((100% - 12px) \/ 2); max-width: calc((100% - 12px) \/ 2);\">\n\n        <img decoding=\"async\" src=\"https:\/\/atelierdocruz.com\/wp-content\/uploads\/2025\/04\/cm_sinaletica_mockup_02.jpg\" oncontextmenu=\"return false\" draggable=\"false\" style=\"pointer-events: none;\">\n\n    <\/div>\n\n    <div style=\"flex: 1 1 calc((100% - 12px) \/ 2); max-width: calc((100% - 12px) \/ 2);\">\n\n        <img decoding=\"async\" src=\"https:\/\/atelierdocruz.com\/wp-content\/uploads\/2025\/04\/cm_sinaletica_mockup_03.jpg\" oncontextmenu=\"return false\" draggable=\"false\" style=\"pointer-events: none;\">\n\n    <\/div>\n\n    <div style=\"flex: 1 1 calc((100% - 12px) \/ 2); max-width: calc((100% - 12px) \/ 2);\">\n\n        <img decoding=\"async\" src=\"https:\/\/atelierdocruz.com\/wp-content\/uploads\/2025\/04\/cm_sinaletica_mockup_04.jpg\" oncontextmenu=\"return false\" draggable=\"false\" style=\"pointer-events: none;\">\n\n    <\/div>\n\n    <div style=\"flex: 1 1 calc((100% - 12px) \/ 2); max-width: calc((100% - 12px) \/ 2);\">\n\n        <img decoding=\"async\" src=\"https:\/\/atelierdocruz.com\/wp-content\/uploads\/2025\/04\/05.jpg\" oncontextmenu=\"return false\" draggable=\"false\" style=\"pointer-events: none;\">\n\n    <\/div>\n\n    <div style=\"width: calc(((100% - 24px) \/ 3) * 2 + 12px);\">\n\n        <video loading=\"lazy\" autoplay loop muted style=\"pointer-events: none;\" width=\"100%\" height=\"auto\">\n\n        <source src=\"https:\/\/atelierdocruz.com\/wp-content\/uploads\/2025\/04\/cm_desenho_tecnico_web_1920.mp4\" media=\"(min-width: 1500px)\" type=\"video\/mp4\">\n    \n        <source src=\"https:\/\/atelierdocruz.com\/wp-content\/uploads\/2025\/04\/cm_desenho_tecnico_web_960.mp4\" media=\"(max-width: 1499px)\" type=\"video\/mp4\">\n    \n        Your browser doesn't support the video format.\n        <\/video>\n\n    <\/div>\n\n<\/div>\n\n<div id=\"media_projeto\">\n\n    <div class=\"media_mobile_off\">\n\n        <img decoding=\"async\" src=\"https:\/\/atelierdocruz.com\/wp-content\/uploads\/2025\/04\/cm_logo.jpg\" oncontextmenu=\"return false\" draggable=\"false\" style=\"pointer-events: none;\">\n\n    <\/div>\n\n    <div class=\"media_mobile_off\">\n\n        <img decoding=\"async\" src=\"https:\/\/atelierdocruz.com\/wp-content\/uploads\/2025\/04\/cm_logo_conceito.jpg\" oncontextmenu=\"return false\" draggable=\"false\" style=\"pointer-events: none;\">\n\n    <\/div>\n\n    <div class=\"media_mobile_off\">\n\n        <img decoding=\"async\" src=\"https:\/\/atelierdocruz.com\/wp-content\/uploads\/2025\/04\/centro_logo_subdivisao.jpg\" oncontextmenu=\"return false\" draggable=\"false\" style=\"pointer-events: none;\">\n\n    <\/div>\n\n<div class=\"media_mobile_on\">\n\n        <img decoding=\"async\" src=\"https:\/\/atelierdocruz.com\/wp-content\/uploads\/2025\/04\/cm_logo_mobile.jpg\" oncontextmenu=\"return false\" draggable=\"false\" style=\"pointer-events: none;\">\n\n    <\/div>\n\n    <div class=\"media_mobile_on\">\n\n        <img decoding=\"async\" src=\"https:\/\/atelierdocruz.com\/wp-content\/uploads\/2025\/04\/centro_logo_subdivisao_mobile.jpg\" oncontextmenu=\"return false\" draggable=\"false\" style=\"pointer-events: none;\">\n\n    <\/div>\n\n    <div class=\"media_mobile_on\">\n\n        <img decoding=\"async\" src=\"https:\/\/atelierdocruz.com\/wp-content\/uploads\/2025\/04\/cm_logo_conceito_mobile.jpg\" oncontextmenu=\"return false\" draggable=\"false\" style=\"pointer-events: none;\">\n\n    <\/div>\n\n    <div>\n\n        <img decoding=\"async\" src=\"https:\/\/atelierdocruz.com\/wp-content\/uploads\/2025\/04\/cm_estacionario_cartao.jpg\" oncontextmenu=\"return false\" draggable=\"false\" style=\"pointer-events: none;\">\n\n    <\/div>\n\n    <div>\n\n        <img decoding=\"async\" src=\"https:\/\/atelierdocruz.com\/wp-content\/uploads\/2025\/04\/cm_estacionario_envelope.jpg\" oncontextmenu=\"return false\" draggable=\"false\" style=\"pointer-events: none;\">\n\n    <\/div>\n\n    <div>\n\n        <img decoding=\"async\" src=\"https:\/\/atelierdocruz.com\/wp-content\/uploads\/2025\/04\/cm_estacionario_carta.jpg\" oncontextmenu=\"return false\" draggable=\"false\" style=\"pointer-events: none;\">\n\n    <\/div>\n\n    <div>\n\n        <img decoding=\"async\" src=\"https:\/\/atelierdocruz.com\/wp-content\/uploads\/2025\/04\/cm_id.jpg\" oncontextmenu=\"return false\" draggable=\"false\" style=\"pointer-events: none;\">\n\n    <\/div>\n\n    <div>\n\n        <img decoding=\"async\" src=\"https:\/\/atelierdocruz.com\/wp-content\/uploads\/2025\/04\/06.jpg\" oncontextmenu=\"return false\" draggable=\"false\" style=\"pointer-events: none;\">\n\n    <\/div>\n\n    <div class=\"media_mobile_off\" style=\"max-width: 100%; flex: 0 0 100%;\">\n\n        <video loading=\"lazy\" autoplay loop muted style=\"pointer-events: none;\" width=\"100%\" height=\"auto\">\n\n        <source src=\"https:\/\/atelierdocruz.com\/wp-content\/uploads\/2025\/04\/cm_cartazes_video_web_1920.mp4\" media=\"(min-width: 900px)\" type=\"video\/mp4\">\n    \n        <source src=\"https:\/\/atelierdocruz.com\/wp-content\/uploads\/2025\/04\/cm_cartazes_video_web_960.mp4\" media=\"(max-width: 899px)\" type=\"video\/mp4\">\n    \n        Your browser doesn't support the video format.\n        <\/video>\n\n    <\/div>\n\n    <div>\n\n        <img decoding=\"async\" src=\"https:\/\/atelierdocruz.com\/wp-content\/uploads\/2025\/04\/cm_estacionario_panfleto.jpg\" oncontextmenu=\"return false\" draggable=\"false\" style=\"pointer-events: none;\">    \n\n    <\/div>\n\n    <div>\n\n        <img decoding=\"async\" src=\"https:\/\/atelierdocruz.com\/wp-content\/uploads\/2025\/04\/cm_totebag.jpg\" oncontextmenu=\"return false\" draggable=\"false\" style=\"pointer-events: none;\">\n\n    <\/div>\n\n    <div class=\"media_mobile_on\">\n\n        <video loading=\"lazy\" autoplay loop muted style=\"pointer-events: none;\" width=\"100%\" height=\"auto\">\n\n        <source src=\"https:\/\/atelierdocruz.com\/wp-content\/uploads\/2025\/04\/cm_cartazes_video_mobile_eventos_web_960.mp4\" type=\"video\/mp4\">\n    \n        Your browser doesn't support the video format.\n        <\/video>\n\n    <\/div>\n\n    <div class=\"media_mobile_on\">\n\n        <video loading=\"lazy\" autoplay loop muted style=\"pointer-events: none;\" width=\"100%\" height=\"auto\">\n\n        <source src=\"https:\/\/atelierdocruz.com\/wp-content\/uploads\/2025\/04\/cm_cartazes_video_mobile_exposicoes_web_960.mp4\" type=\"video\/mp4\">\n    \n        Your browser doesn't support the video format.\n        <\/video>\n\n    <\/div>\n\n    <div>\n\n        <img decoding=\"async\" src=\"https:\/\/atelierdocruz.com\/wp-content\/uploads\/2025\/04\/04.jpg\" oncontextmenu=\"return false\" draggable=\"false\" style=\"pointer-events: none;\">\n\n    <\/div>\n\n    <div>\n\n        <img decoding=\"async\" src=\"https:\/\/atelierdocruz.com\/wp-content\/uploads\/2025\/04\/07.jpg\" oncontextmenu=\"return false\" draggable=\"false\" style=\"pointer-events: none;\">\n\n    <\/div>\n\n    <div class=\"media_mobile_off\">\n\n        <img decoding=\"async\" src=\"https:\/\/atelierdocruz.com\/wp-content\/uploads\/2025\/04\/cm_instagram_mockups_web_01.jpg\" oncontextmenu=\"return false\" draggable=\"false\" style=\"pointer-events: none;\">\n\n    <\/div>\n\n    <div class=\"media_mobile_off\">\n\n        <img decoding=\"async\" src=\"https:\/\/atelierdocruz.com\/wp-content\/uploads\/2025\/04\/cm_instagram_mockups_web_02.jpg\" oncontextmenu=\"return false\" draggable=\"false\" style=\"pointer-events: none;\">\n\n    <\/div>\n\n    <div class=\"media_mobile_on\">\n\n        <img decoding=\"async\" src=\"https:\/\/atelierdocruz.com\/wp-content\/uploads\/2025\/04\/cm_instagram_mobile_mockups_web_01.jpg\" oncontextmenu=\"return false\" draggable=\"false\" style=\"pointer-events: none;\">\n\n    <\/div>\n\n    <div class=\"media_mobile_on\">\n\n        <img decoding=\"async\" src=\"https:\/\/atelierdocruz.com\/wp-content\/uploads\/2025\/04\/cm_instagram_mobile_mockups_web_02.jpg\" oncontextmenu=\"return false\" draggable=\"false\" style=\"pointer-events: none;\">\n\n    <\/div>\n\n    <div class=\"media_mobile_on\">\n\n        <img decoding=\"async\" src=\"https:\/\/atelierdocruz.com\/wp-content\/uploads\/2025\/04\/cm_instagram_mobile_mockups_web_03.jpg\" oncontextmenu=\"return false\" draggable=\"false\" style=\"pointer-events: none;\">\n\n    <\/div>\n\n    <div>\n\n        <video loading=\"lazy\" autoplay loop muted style=\"pointer-events: none;\" width=\"100%\" height=\"auto\">\n\n        <source src=\"https:\/\/atelierdocruz.com\/wp-content\/uploads\/2025\/04\/cm_numerario_web_1920.mp4\" media=\"(min-width: 1920px)\" type=\"video\/mp4\">\n    \n        <source src=\"https:\/\/atelierdocruz.com\/wp-content\/uploads\/2025\/04\/cm_numerario_web_960.mp4\" media=\"(max-width: 1919px)\" type=\"video\/mp4\">\n    \n        Your browser doesn't support the video format.\n        <\/video>\n\n    <\/div>\n\n    <div>\n\n        <img decoding=\"async\" src=\"https:\/\/atelierdocruz.com\/wp-content\/uploads\/2025\/04\/cm_pictogramas.jpg\" oncontextmenu=\"return false\" draggable=\"false\" style=\"pointer-events: none;\">\n\n    <\/div>\n\n    <div>\n\n        <img decoding=\"async\" src=\"https:\/\/atelierdocruz.com\/wp-content\/uploads\/2025\/04\/cm_sinaletica_mockup_01.jpg\" oncontextmenu=\"return false\" draggable=\"false\" style=\"pointer-events: none;\">\n\n    <\/div>\n\n    <div>\n\n        <img decoding=\"async\" src=\"https:\/\/atelierdocruz.com\/wp-content\/uploads\/2025\/04\/02.jpg\" oncontextmenu=\"return false\" draggable=\"false\" style=\"pointer-events: none;\">\n\n    <\/div>\n\n    <div>\n\n        <img decoding=\"async\" src=\"https:\/\/atelierdocruz.com\/wp-content\/uploads\/2025\/04\/cm_sinaletica_mockup_02.jpg\" oncontextmenu=\"return false\" draggable=\"false\" style=\"pointer-events: none;\">\n\n    <\/div>\n\n    <div>\n\n        <img decoding=\"async\" src=\"https:\/\/atelierdocruz.com\/wp-content\/uploads\/2025\/04\/cm_sinaletica_mockup_03.jpg\" oncontextmenu=\"return false\" draggable=\"false\" style=\"pointer-events: none;\">\n\n    <\/div>\n\n    <div>\n\n        <img decoding=\"async\" src=\"https:\/\/atelierdocruz.com\/wp-content\/uploads\/2025\/04\/cm_sinaletica_mockup_04.jpg\" oncontextmenu=\"return false\" draggable=\"false\" style=\"pointer-events: none;\">\n\n    <\/div>\n\n    <div>\n\n        <img decoding=\"async\" src=\"https:\/\/atelierdocruz.com\/wp-content\/uploads\/2025\/04\/05.jpg\" oncontextmenu=\"return false\" draggable=\"false\" style=\"pointer-events: none;\">\n\n    <\/div>\n\n    <div style=\"max-width: 100%; flex: 0 0 100%;\">\n\n        <video loading=\"lazy\" autoplay loop muted style=\"pointer-events: none;\" width=\"100%\" height=\"auto\">\n\n        <source src=\"https:\/\/atelierdocruz.com\/wp-content\/uploads\/2025\/04\/cm_desenho_tecnico_web_1920.mp4\" media=\"(min-width: 900px)\" type=\"video\/mp4\">\n    \n        <source src=\"https:\/\/atelierdocruz.com\/wp-content\/uploads\/2025\/04\/cm_desenho_tecnico_web_960.mp4\" media=\"(max-width: 899px)\" type=\"video\/mp4\">\n    \n        Your browser doesn't support the video format.\n        <\/video>\n\n    <\/div>\n\n<\/div>\n\n<\/div>","protected":false},"excerpt":{"rendered":"<p>Centro de Mem\u00f3ria O presente projeto de identidade visual para o Centro de Mem\u00f3ria de Vila do Conde teve como objetivo reformular a sua identidade e linguagem de comunica\u00e7\u00e3o. Esta decis\u00e3o baseou-se na necessidade de unificar e harmonizar os diversos espa\u00e7os do local, permitindo uma comunica\u00e7\u00e3o clara e consistente. A identidade utiliza formas geom\u00e9tricas inspiradas [&hellip;]<\/p>\n","protected":false},"author":1,"featured_media":0,"parent":0,"menu_order":0,"comment_status":"closed","ping_status":"closed","template":"","meta":{"footnotes":""},"class_list":["post-4992","page","type-page","status-publish","hentry"],"_links":{"self":[{"href":"https:\/\/atelierdocruz.com\/en\/wp-json\/wp\/v2\/pages\/4992","targetHints":{"allow":["GET"]}}],"collection":[{"href":"https:\/\/atelierdocruz.com\/en\/wp-json\/wp\/v2\/pages"}],"about":[{"href":"https:\/\/atelierdocruz.com\/en\/wp-json\/wp\/v2\/types\/page"}],"author":[{"embeddable":true,"href":"https:\/\/atelierdocruz.com\/en\/wp-json\/wp\/v2\/users\/1"}],"replies":[{"embeddable":true,"href":"https:\/\/atelierdocruz.com\/en\/wp-json\/wp\/v2\/comments?post=4992"}],"version-history":[{"count":191,"href":"https:\/\/atelierdocruz.com\/en\/wp-json\/wp\/v2\/pages\/4992\/revisions"}],"predecessor-version":[{"id":6077,"href":"https:\/\/atelierdocruz.com\/en\/wp-json\/wp\/v2\/pages\/4992\/revisions\/6077"}],"wp:attachment":[{"href":"https:\/\/atelierdocruz.com\/en\/wp-json\/wp\/v2\/media?parent=4992"}],"curies":[{"name":"wp","href":"https:\/\/api.w.org\/{rel}","templated":true}]}}