{"id":4765,"date":"2025-04-16T22:49:40","date_gmt":"2025-04-16T22:49:40","guid":{"rendered":"https:\/\/atelierdocruz.com\/?page_id=4765"},"modified":"2025-05-10T23:29:44","modified_gmt":"2025-05-10T23:29:44","slug":"sophia-estudante","status":"publish","type":"page","link":"https:\/\/atelierdocruz.com\/en\/sophia-estudante\/","title":{"rendered":"sophia estudante"},"content":{"rendered":"<div id=\"container_projeto\">\n\n    <div id=\"cover_projeto\">\n    <img decoding=\"async\" src=\"https:\/\/atelierdocruz.com\/wp-content\/uploads\/2025\/04\/sophia_estudante_cartaz_mockup_web.jpg\" oncontextmenu=\"return false\" draggable=\"false\" style=\"pointer-events: none;\">\n    <\/div>\n\n    <div id=\"cover_projeto_mobile\">\n    <img decoding=\"async\" src=\"https:\/\/atelierdocruz.com\/wp-content\/uploads\/2025\/04\/Sergio_Cruz_Sophia_Estudante_Cartaz_Mobile.png\" oncontextmenu=\"return false\" draggable=\"false\" style=\"pointer-events: none;\">\n    <\/div>\n\n    <div id=\"descricao_projeto\">\n\n        <p id=\"descricao_titulo\">Sophia Estudante<\/p>\n\n        <div id=\"descricao_texto\">\n\n            <p>As part of an academic project, I developed a visual identity to promote the Sophia Estudante event, organised annually by the Portuguese Film Academy, which celebrates future filmmakers and gives visibility to their school work.<\/p>\n\n            <p>Inspired by the magic of cinema, I immersed myself in the idea of breaking the fourth wall: the desire to enter the screen, transcend perspectives and be part of the story. This concept reflects the cinema experience as a journey between planes \u2014 from the real to the imaginary \u2014 full of emotions and possibilities.<\/p>\n\n            <p>A human figure crosses different visual planes, from the ordinary to the sidereal universe, a symbol of the immensity and creativity of cinema. This transition represents not only a visual journey, but also an internal transformation \u2013 an invitation to dive into the fascinating world of fiction.<\/p>\n\n        <\/div>\n\n        <div id=\"descricao_info\">\n\n            <div style=\"width: 50%;\">\n\n            <div>\n                <p class=\"descricao_info_titulo\">Date<\/p>\n                <p class=\"descricao_info_texto\">2023<\/p>\n            <\/div>\n\n            <div style=\"margin-top: 60px;\">\n                <p class=\"descricao_info_titulo\">Type<\/p>\n                <p class=\"descricao_info_texto\">Identity, Poster, Social Media<\/p>\n            <\/div>\n\n            <\/div>\n\n            <div style=\"width: 50%;\">\n\n                <p class=\"descricao_info_titulo\">Brand<\/p>\n                <p class=\"descricao_info_texto\">Academia Portuguesa de Cinema<\/p>\n          \n            <\/div>\n\n        <\/div>\n\n    <\/div>\n\n    <div id=\"descricao_projeto_medium\">\n\n    <div id=\"descricao_espaco\" style=\"width: 50%;\">\n    <\/div>\n\n    <div id=\"descricao_projeto_small\" style=\"width: 50%;\">\n\n        <p id=\"descricao_titulo\">Sophia Estudante<\/p>\n\n        <div id=\"descricao_texto\">\n\n            <p>As part of an academic project, I developed a visual identity to promote the Sophia Estudante event, organised annually by the Portuguese Film Academy, which celebrates future filmmakers and gives visibility to their school work.<\/p>\n\n            <p>Inspired by the magic of cinema, I immersed myself in the idea of breaking the fourth wall: the desire to enter the screen, transcend perspectives and be part of the story. This concept reflects the cinema experience as a journey between planes \u2014 from the real to the imaginary \u2014 full of emotions and possibilities.<\/p>\n\n            <p>A human figure crosses different visual planes, from the ordinary to the sidereal universe, a symbol of the immensity and creativity of cinema. This transition represents not only a visual journey, but also an internal transformation \u2013 an invitation to dive into the fascinating world of fiction.<\/p>\n\n        <\/div>\n\n        <div id=\"descricao_info\">\n\n            <div style=\"width: 50%;\">\n\n            <div>\n                <p class=\"descricao_info_titulo\">Date<\/p>\n                <p class=\"descricao_info_texto\">2023<\/p>\n            <\/div>\n\n            <div id=\"descricao_mobile\" style=\"margin-top: 60px; padding-top: 0px; display: none;\">\n                <p class=\"descricao_info_titulo\">Brand<\/p>\n                <p class=\"descricao_info_texto\">Academia Portuguesa de Cinema<\/p>\n            <\/div>\n\n            <div style=\"margin-top: 60px;\">\n                <p class=\"descricao_info_titulo\">Type<\/p>\n                <p class=\"descricao_info_texto\">Identity, Poster, Social Media<\/p>\n            <\/div>\n\n            <\/div>\n\n            <div id=\"descricao_mobile_none\" style=\"width: 50%;\">\n\n                <p class=\"descricao_info_titulo\">Brand<\/p>\n                <p class=\"descricao_info_texto\">Academia Portuguesa de Cinema<\/p>\n          \n            <\/div>\n\n        <\/div>\n\n    <\/div>\n\n    <\/div>\n\n<\/div>\n\n<div id=\"media_projeto_alt\">\n\n    <div style=\"width: calc((100% - 24px) \/ 3);\">\n\n        <img decoding=\"async\" src=\"https:\/\/atelierdocruz.com\/wp-content\/uploads\/2025\/04\/sophia_estudante_instagram_web.jpg\" oncontextmenu=\"return false\" draggable=\"false\" style=\"pointer-events: none;\">    \n\n    <\/div>\n\n    <div style=\"width: calc(((100% - 24px) \/ 3) * 2 + 12px);\">\n\n        <img decoding=\"async\" src=\"https:\/\/atelierdocruz.com\/wp-content\/uploads\/2025\/04\/sophia_estudante_credencial_web.jpg\" oncontextmenu=\"return false\" draggable=\"false\" style=\"pointer-events: none;\">\n\n    <\/div>\n\n    <div style=\"width: calc(((100% - 24px) \/ 3) * 2 + 12px);\">\n\n        <img decoding=\"async\" src=\"https:\/\/atelierdocruz.com\/wp-content\/uploads\/2025\/04\/sophia_estudante_horizontal_web.jpg\" oncontextmenu=\"return false\" draggable=\"false\" style=\"pointer-events: none;\">\n\n    <\/div>\n\n    <div style=\"width: calc((100% - 24px) \/ 3);\">\n\n        <img decoding=\"async\" src=\"https:\/\/atelierdocruz.com\/wp-content\/uploads\/2025\/04\/sophia_estudante_cracha_web.jpg\" oncontextmenu=\"return false\" draggable=\"false\" style=\"pointer-events: none;\">    \n\n    <\/div>\n\n<\/div>\n\n<div id=\"media_projeto_alt_medium\">\n\n    <div style=\"width: 100%;\">\n\n        <img decoding=\"async\" src=\"https:\/\/atelierdocruz.com\/wp-content\/uploads\/2025\/04\/sophia_estudante_credencial_web.jpg\" oncontextmenu=\"return false\" draggable=\"false\" style=\"pointer-events: none;\">\n\n    <\/div>\n\n    <div style=\"flex: 1 1 calc(50% - 6px); max-width: calc(50% - 6px);\">\n\n        <img decoding=\"async\" src=\"https:\/\/atelierdocruz.com\/wp-content\/uploads\/2025\/04\/sophia_estudante_instagram_web.jpg\" oncontextmenu=\"return false\" draggable=\"false\" style=\"pointer-events: none;\">    \n\n    <\/div>\n\n    <div style=\"flex: 1 1 calc(50% - 6px); max-width: calc(50% - 6px);\">\n\n        <img decoding=\"async\" src=\"https:\/\/atelierdocruz.com\/wp-content\/uploads\/2025\/04\/sophia_estudante_cracha_web.jpg\" oncontextmenu=\"return false\" draggable=\"false\" style=\"pointer-events: none;\">\n\n    <\/div>\n\n    <div style=\"width: 100%\">\n\n        <img decoding=\"async\" src=\"https:\/\/atelierdocruz.com\/wp-content\/uploads\/2025\/04\/sophia_estudante_horizontal_web.jpg\" oncontextmenu=\"return false\" draggable=\"false\" style=\"pointer-events: none;\">\n\n    <\/div>\n\n<\/div>\n\n<\/div>","protected":false},"excerpt":{"rendered":"<p>Sophia Estudante No \u00e2mbito de um projeto acad\u00e9mico, desenvolvi uma identidade visual para promover a d\u00e9cima edi\u00e7\u00e3o do evento Sophia Estudante, organizado anualmente pela Academia Portuguesa de Cinema, que celebra futuros cineastas e d\u00e1 visibilidade aos seus trabalhos escolares. Inspirado pela magia do cinema, mergulhei na ideia de quebrar a quarta parede: a vontade de [&hellip;]<\/p>\n","protected":false},"author":1,"featured_media":0,"parent":0,"menu_order":0,"comment_status":"closed","ping_status":"closed","template":"","meta":{"footnotes":""},"class_list":["post-4765","page","type-page","status-publish","hentry"],"_links":{"self":[{"href":"https:\/\/atelierdocruz.com\/en\/wp-json\/wp\/v2\/pages\/4765","targetHints":{"allow":["GET"]}}],"collection":[{"href":"https:\/\/atelierdocruz.com\/en\/wp-json\/wp\/v2\/pages"}],"about":[{"href":"https:\/\/atelierdocruz.com\/en\/wp-json\/wp\/v2\/types\/page"}],"author":[{"embeddable":true,"href":"https:\/\/atelierdocruz.com\/en\/wp-json\/wp\/v2\/users\/1"}],"replies":[{"embeddable":true,"href":"https:\/\/atelierdocruz.com\/en\/wp-json\/wp\/v2\/comments?post=4765"}],"version-history":[{"count":65,"href":"https:\/\/atelierdocruz.com\/en\/wp-json\/wp\/v2\/pages\/4765\/revisions"}],"predecessor-version":[{"id":6089,"href":"https:\/\/atelierdocruz.com\/en\/wp-json\/wp\/v2\/pages\/4765\/revisions\/6089"}],"wp:attachment":[{"href":"https:\/\/atelierdocruz.com\/en\/wp-json\/wp\/v2\/media?parent=4765"}],"curies":[{"name":"wp","href":"https:\/\/api.w.org\/{rel}","templated":true}]}}