{"id":4452,"date":"2025-04-09T01:32:43","date_gmt":"2025-04-09T01:32:43","guid":{"rendered":"https:\/\/atelierdocruz.com\/?page_id=4452"},"modified":"2025-04-29T04:16:36","modified_gmt":"2025-04-29T04:16:36","slug":"olx","status":"publish","type":"page","link":"https:\/\/atelierdocruz.com\/en\/olx\/","title":{"rendered":"olx"},"content":{"rendered":"<div id=\"container_projeto\">\n\n    <div id=\"cover_projeto\">\n    <img decoding=\"async\" src=\"https:\/\/atelierdocruz.com\/wp-content\/uploads\/2025\/04\/olx_mockups_web.jpg\" oncontextmenu=\"return false\" draggable=\"false\" style=\"pointer-events: none;\">\n    <\/div>\n\n    <div id=\"cover_projeto_mobile\">\n    <img decoding=\"async\" src=\"https:\/\/atelierdocruz.com\/wp-content\/uploads\/2025\/04\/olx_mockup_carrinho_web.jpg\" oncontextmenu=\"return false\" draggable=\"false\" style=\"pointer-events: none;\">\n    <\/div>\n\n    <div id=\"descricao_projeto\">\n\n        <p id=\"descricao_titulo\">OLX<\/p>\n\n        <div id=\"descricao_texto\">\n\n            <p>This campaign, entitled <span class=\"descricao_texto_italico\">'Escape Inflation, Buy Second-Hand'<\/span>, was developed in an academic context for OLX, an online classified ads platform that makes it easy to buy, sell, and trade used items and services quickly and conveniently.<\/p>\n\n            <p>Since OLX promotes the resale of second-hand products, I sought a creative approach to highlight its relevance in today\u2019s economic landscape. The concept was inspired by inflation and rising prices, which led to the creation of the campaign\u2019s slogan.<\/p>\n\n            <p>To visually represent this idea, I used a red balloon as a symbol of inflation \u2014 chosen deliberately for its ability to expand, much like inflated prices. The campaign features visual compositions where the balloon illustrates this phenomenon, demonstrating how using OLX can be a smart way to bypass inflation and save money by choosing second-hand products.<\/p>\n\n        <\/div>\n\n        <div id=\"descricao_info\">\n\n            <div style=\"width: 50%;\">\n\n            <div>\n                <p class=\"descricao_info_titulo\">Date<\/p>\n                <p class=\"descricao_info_texto\">2023<\/p>\n            <\/div>\n\n            <div style=\"margin-top: 60px;\">\n                <p class=\"descricao_info_titulo\">Type<\/p>\n                <p class=\"descricao_info_texto\">Advertising, Social Media<\/p>\n            <\/div>\n\n            <\/div>\n\n            <div style=\"width: 50%;\">\n\n                <p class=\"descricao_info_titulo\">Brand<\/p>\n                <p class=\"descricao_info_texto\">OLX<\/p>\n          \n            <\/div>\n\n        <\/div>\n\n    <\/div>\n\n    <div id=\"descricao_projeto_medium\">\n\n    <div id=\"descricao_espaco\" style=\"width: 50%;\">\n    <\/div>\n\n    <div id=\"descricao_projeto_small\" style=\"width: 50%;\">\n\n        <p id=\"descricao_titulo\">OLX<\/p>\n\n        <div id=\"descricao_texto\">\n\n            <p>This campaign, entitled <span class=\"descricao_texto_italico\">'Escape Inflation, Buy Second-Hand'<\/span>, was developed in an academic context for OLX, an online classified ads platform that makes it easy to buy, sell, and trade used items and services quickly and conveniently.<\/p>\n\n            <p>Since OLX promotes the resale of second-hand products, I sought a creative approach to highlight its relevance in today\u2019s economic landscape. The concept was inspired by inflation and rising prices, which led to the creation of the campaign\u2019s slogan.<\/p>\n\n        <\/div>\n\n    <div id=\"cover_projeto_mobile\" class=\"custom_cover_mobile_margin\">\n    <img decoding=\"async\" src=\"https:\/\/atelierdocruz.com\/wp-content\/uploads\/2025\/04\/olx_mockup_maos_web.jpg\" oncontextmenu=\"return false\" draggable=\"false\" style=\"pointer-events: none;\">\n    <\/div>\n\n        <div id=\"descricao_texto_separado\">\n\n            <p>To visually represent this idea, I used a red balloon as a symbol of inflation \u2014 chosen deliberately for its ability to expand, much like inflated prices. The campaign features visual compositions where the balloon illustrates this phenomenon, demonstrating how using OLX can be a smart way to bypass inflation and save money by choosing second-hand products.<\/p>\n\n        <\/div>\n\n        <div id=\"descricao_info\">\n\n            <div style=\"width: 50%;\">\n\n            <div>\n                <p class=\"descricao_info_titulo\">Date<\/p>\n                <p class=\"descricao_info_texto\">2023<\/p>\n            <\/div>\n\n            <div id=\"descricao_mobile\" style=\"margin-top: 60px; padding-top: 0px; display: none;\">\n                <p class=\"descricao_info_titulo\">Brand<\/p>\n                <p class=\"descricao_info_texto\">OLX<\/p>\n            <\/div>\n\n            <div style=\"margin-top: 60px;\">\n                <p class=\"descricao_info_titulo\">Type<\/p>\n                <p class=\"descricao_info_texto\">Advertising, Social Media<\/p>\n            <\/div>\n\n            <\/div>\n\n            <div id=\"descricao_mobile_none\" style=\"width: 50%;\">\n\n                <p class=\"descricao_info_titulo\">Brand<\/p>\n                <p class=\"descricao_info_texto\">OLX<\/p>\n          \n            <\/div>\n\n        <\/div>\n\n    <\/div>\n\n    <\/div>\n\n<\/div>\n\n<div id=\"media_projeto_extended\">\n\n    <div style=\"flex: 1 1 calc((100% - 24px) \/ 3); max-width: calc((100% - 24px) \/ 3);\">\n\n    <video loading=\"lazy\" autoplay loop muted style=\"pointer-events: none;\" width=\"100%\" height=\"auto\">\n\n    <source src=\"https:\/\/atelierdocruz.com\/wp-content\/uploads\/2025\/04\/olx_pub_prato_slide_web_1920.mp4\" media=\"(min-width: 1920px)\" type=\"video\/mp4\">\n    \n    <source src=\"https:\/\/atelierdocruz.com\/wp-content\/uploads\/2025\/04\/olx_pub_prato_slide_web_960.mp4\" media=\"(max-width: 1919px)\" type=\"video\/mp4\">\n    \n    Your browser doesn't support the video format.\n    <\/video>\n\n    <\/div>\n\n    <div style=\"flex: 1 1 calc((100% - 24px) \/ 3); max-width: calc((100% - 24px) \/ 3);\">\n\n        <img decoding=\"async\" src=\"https:\/\/atelierdocruz.com\/wp-content\/uploads\/2025\/04\/olx_pub_fugir_web.jpg\" oncontextmenu=\"return false\" draggable=\"false\" style=\"pointer-events: none;\">\n\n    <\/div>\n\n    <div style=\"flex: 1 1 calc((100% - 24px) \/ 3); max-width: calc((100% - 24px) \/ 3);\">\n\n        <img decoding=\"async\" src=\"https:\/\/atelierdocruz.com\/wp-content\/uploads\/2025\/04\/olx_pub_alvo_web.jpg\" oncontextmenu=\"return false\" draggable=\"false\" style=\"pointer-events: none;\">\n\n    <\/div>\n\n    <div style=\"flex: 1 1 calc((100% - 24px) \/ 3); max-width: calc((100% - 24px) \/ 3);\">\n\n    <video loading=\"lazy\" autoplay loop muted style=\"pointer-events: none;\" width=\"100%\" height=\"auto\">\n\n    <source src=\"https:\/\/atelierdocruz.com\/wp-content\/uploads\/2025\/04\/olx_pub_balanca_slide_web_1920.mp4\" media=\"(min-width: 1920px)\" type=\"video\/mp4\">\n    \n    <source src=\"https:\/\/atelierdocruz.com\/wp-content\/uploads\/2025\/04\/olx_pub_balanca_slide_web_960.mp4\" media=\"(max-width: 1919px)\" type=\"video\/mp4\">\n    \n    Your browser doesn't support the video format.\n    <\/video>\n\n    <\/div>\n\n    <div style=\"flex: 1 1 calc((100% - 24px) \/ 3); max-width: calc((100% - 24px) \/ 3);\">\n\n        <img decoding=\"async\" src=\"https:\/\/atelierdocruz.com\/wp-content\/uploads\/2025\/04\/olx_pub_bicicleta_web.jpg\" oncontextmenu=\"return false\" draggable=\"false\" style=\"pointer-events: none;\">\n\n    <\/div>\n\n<\/div>\n\n<div id=\"media_projeto\">\n\n    <div>\n\n    <video loading=\"lazy\" autoplay loop muted style=\"pointer-events: none;\" width=\"100%\" height=\"auto\">\n\n    <source src=\"https:\/\/atelierdocruz.com\/wp-content\/uploads\/2025\/04\/olx_pub_prato_slide_web_1920.mp4\" media=\"(min-width: 1920px)\" type=\"video\/mp4\">\n    \n    <source src=\"https:\/\/atelierdocruz.com\/wp-content\/uploads\/2025\/04\/olx_pub_prato_slide_web_960.mp4\" media=\"(max-width: 1919px)\" type=\"video\/mp4\">\n    \n    Your browser doesn't support the video format.\n    <\/video>\n\n    <\/div>\n\n    <div>\n\n        <img decoding=\"async\" src=\"https:\/\/atelierdocruz.com\/wp-content\/uploads\/2025\/04\/olx_pub_fugir_web.jpg\" oncontextmenu=\"return false\" draggable=\"false\" style=\"pointer-events: none;\">\n\n    <\/div>\n\n    <div>\n\n        <img decoding=\"async\" src=\"https:\/\/atelierdocruz.com\/wp-content\/uploads\/2025\/04\/olx_pub_alvo_web.jpg\" oncontextmenu=\"return false\" draggable=\"false\" style=\"pointer-events: none;\">\n\n    <\/div>\n\n    <div>\n\n    <video loading=\"lazy\" autoplay loop muted style=\"pointer-events: none;\" width=\"100%\" height=\"auto\">\n\n    <source src=\"https:\/\/atelierdocruz.com\/wp-content\/uploads\/2025\/04\/olx_pub_balanca_slide_web_1920.mp4\" media=\"(min-width: 1920px)\" type=\"video\/mp4\">\n    \n    <source src=\"https:\/\/atelierdocruz.com\/wp-content\/uploads\/2025\/04\/olx_pub_balanca_slide_web_960.mp4\" media=\"(max-width: 1919px)\" type=\"video\/mp4\">\n    \n    Your browser doesn't support the video format.\n    <\/video>\n\n    <\/div>\n\n    <div>\n\n        <img decoding=\"async\" src=\"https:\/\/atelierdocruz.com\/wp-content\/uploads\/2025\/04\/olx_pub_bicicleta_web.jpg\" oncontextmenu=\"return false\" draggable=\"false\" style=\"pointer-events: none;\">\n\n    <\/div>\n\n<\/div>","protected":false},"excerpt":{"rendered":"<p>OLX Esta campanha, intitulada &#8216;Fuja \u00e0 infla\u00e7\u00e3o, compre em segunda m\u00e3o&#8217;, foi desenvolvida em contexto acad\u00e9mico para a empresa OLX, uma plataforma de an\u00fancios classificados online que facilita a compra, venda e troca de artigos usados e servi\u00e7os de forma r\u00e1pida e acess\u00edvel. Tendo em conta que o OLX incentiva a reutiliza\u00e7\u00e3o de produtos, procurei [&hellip;]<\/p>\n","protected":false},"author":1,"featured_media":0,"parent":0,"menu_order":0,"comment_status":"closed","ping_status":"closed","template":"","meta":{"footnotes":""},"class_list":["post-4452","page","type-page","status-publish","hentry"],"_links":{"self":[{"href":"https:\/\/atelierdocruz.com\/en\/wp-json\/wp\/v2\/pages\/4452","targetHints":{"allow":["GET"]}}],"collection":[{"href":"https:\/\/atelierdocruz.com\/en\/wp-json\/wp\/v2\/pages"}],"about":[{"href":"https:\/\/atelierdocruz.com\/en\/wp-json\/wp\/v2\/types\/page"}],"author":[{"embeddable":true,"href":"https:\/\/atelierdocruz.com\/en\/wp-json\/wp\/v2\/users\/1"}],"replies":[{"embeddable":true,"href":"https:\/\/atelierdocruz.com\/en\/wp-json\/wp\/v2\/comments?post=4452"}],"version-history":[{"count":93,"href":"https:\/\/atelierdocruz.com\/en\/wp-json\/wp\/v2\/pages\/4452\/revisions"}],"predecessor-version":[{"id":5726,"href":"https:\/\/atelierdocruz.com\/en\/wp-json\/wp\/v2\/pages\/4452\/revisions\/5726"}],"wp:attachment":[{"href":"https:\/\/atelierdocruz.com\/en\/wp-json\/wp\/v2\/media?parent=4452"}],"curies":[{"name":"wp","href":"https:\/\/api.w.org\/{rel}","templated":true}]}}