{"id":2846,"date":"2025-03-01T22:56:13","date_gmt":"2025-03-01T22:56:13","guid":{"rendered":"https:\/\/atelierdocruz.com\/sobre\/"},"modified":"2025-04-29T04:17:41","modified_gmt":"2025-04-29T04:17:41","slug":"red-bull-air-race","status":"publish","type":"page","link":"https:\/\/atelierdocruz.com\/en\/red-bull-air-race\/","title":{"rendered":"red bull air race"},"content":{"rendered":"<div id=\"container_projeto\">\n\n    <div id=\"cover_projeto\">\n    <img decoding=\"async\" src=\"https:\/\/atelierdocruz.com\/wp-content\/uploads\/2025\/04\/redbull_air_race_mockup.jpg\" oncontextmenu=\"return false\" draggable=\"false\" style=\"pointer-events: none;\">\n    <\/div>\n\n    <div id=\"cover_projeto_mobile\">\n    <img decoding=\"async\" src=\"https:\/\/atelierdocruz.com\/wp-content\/uploads\/2025\/04\/redbull_air_race_mobile_2-scaled.jpg\" oncontextmenu=\"return false\" draggable=\"false\" style=\"pointer-events: none;\">\n\n    <img decoding=\"async\" src=\"https:\/\/atelierdocruz.com\/wp-content\/uploads\/2025\/04\/redbull_air_race_mobile_1-scaled.jpg\" oncontextmenu=\"return false\" draggable=\"false\" style=\"pointer-events: none;\">\n    <\/div>\n\n    <div id=\"descricao_projeto\">\n\n        <p id=\"descricao_titulo\">Red Bull Air Race<\/p>\n\n        <div id=\"descricao_texto\">\n\n            <p>Posters developed as part of an academic project, designed for the fictitious promotion of the Red Bull Air Race event, which would take place in the city of Porto, Portugal.<\/p>\n\n        <\/div>\n\n        <div id=\"descricao_info\">\n\n            <div style=\"width: 50%;\">\n\n            <div>\n                <p class=\"descricao_info_titulo\">Date<\/p>\n                <p class=\"descricao_info_texto\">2023<\/p>\n            <\/div>\n\n            <div style=\"margin-top: 60px;\">\n                <p class=\"descricao_info_titulo\">Type<\/p>\n                <p class=\"descricao_info_texto\">Poster, Illustration<\/p>\n            <\/div>\n\n            <\/div>\n\n            <div style=\"width: 50%;\">\n\n                <p class=\"descricao_info_titulo\">Brand<\/p>\n                <p class=\"descricao_info_texto\">Red Bull<\/p>\n          \n            <\/div>\n\n        <\/div>\n\n    <\/div>\n\n    <div id=\"descricao_projeto_medium\">\n\n    <div id=\"descricao_espaco\" style=\"width: 50%;\">\n    <\/div>\n\n    <div id=\"descricao_projeto_small\" style=\"width: 50%;\">\n\n        <p id=\"descricao_titulo\">Red Bull Air Race<\/p>\n\n        <div id=\"descricao_texto\">\n\n            <p>Posters developed as part of an academic project, designed for the fictitious promotion of the Red Bull Air Race event, which would take place in the city of Porto, Portugal.<\/p>\n\n        <\/div>\n\n        <div id=\"descricao_info\">\n\n            <div style=\"width: 50%;\">\n\n            <div>\n                <p class=\"descricao_info_titulo\">Date<\/p>\n                <p class=\"descricao_info_texto\">2023<\/p>\n            <\/div>\n\n            <div id=\"descricao_mobile\" style=\"margin-top: 60px; padding-top: 0px; display: none;\">\n                <p class=\"descricao_info_titulo\">Brand<\/p>\n                <p class=\"descricao_info_texto\">Red Bull<\/p>\n            <\/div>\n\n            <div style=\"margin-top: 60px;\">\n                <p class=\"descricao_info_titulo\">Type<\/p>\n                <p class=\"descricao_info_texto\">Poster, Illustration<\/p>\n            <\/div>\n\n            <\/div>\n\n            <div id=\"descricao_mobile_none\" style=\"width: 50%;\">\n\n                <p class=\"descricao_info_titulo\">Brand<\/p>\n                <p class=\"descricao_info_texto\">Red Bull<\/p>\n          \n            <\/div>\n\n        <\/div>\n\n    <\/div>\n\n    <\/div>\n\n<\/div>\n\n<div id=\"custom_projeto_margin\" style=\"width: 100%; display: none; margin: 0px;\"><\/div>","protected":false},"excerpt":{"rendered":"<p>Red Bull Air Race Cartazes desenvolvidos no \u00e2mbito de um projeto acad\u00e9mico, concebidos para a promo\u00e7\u00e3o fict\u00edcia do evento Red Bull Air Race, que teria lugar na cidade do Porto, em Portugal. Data 2023 Tipo Cartaz, Ilustra\u00e7\u00e3o Marca Red Bull Red Bull Air Race Cartazes desenvolvidos no \u00e2mbito de um projeto acad\u00e9mico, concebidos para a [&hellip;]<\/p>\n","protected":false},"author":1,"featured_media":0,"parent":0,"menu_order":0,"comment_status":"closed","ping_status":"closed","template":"","meta":{"footnotes":""},"class_list":["post-2846","page","type-page","status-publish","hentry"],"_links":{"self":[{"href":"https:\/\/atelierdocruz.com\/en\/wp-json\/wp\/v2\/pages\/2846","targetHints":{"allow":["GET"]}}],"collection":[{"href":"https:\/\/atelierdocruz.com\/en\/wp-json\/wp\/v2\/pages"}],"about":[{"href":"https:\/\/atelierdocruz.com\/en\/wp-json\/wp\/v2\/types\/page"}],"author":[{"embeddable":true,"href":"https:\/\/atelierdocruz.com\/en\/wp-json\/wp\/v2\/users\/1"}],"replies":[{"embeddable":true,"href":"https:\/\/atelierdocruz.com\/en\/wp-json\/wp\/v2\/comments?post=2846"}],"version-history":[{"count":119,"href":"https:\/\/atelierdocruz.com\/en\/wp-json\/wp\/v2\/pages\/2846\/revisions"}],"predecessor-version":[{"id":5728,"href":"https:\/\/atelierdocruz.com\/en\/wp-json\/wp\/v2\/pages\/2846\/revisions\/5728"}],"wp:attachment":[{"href":"https:\/\/atelierdocruz.com\/en\/wp-json\/wp\/v2\/media?parent=2846"}],"curies":[{"name":"wp","href":"https:\/\/api.w.org\/{rel}","templated":true}]}}